{"id":17,"date":"2013-10-15T18:43:30","date_gmt":"2013-10-15T16:43:30","guid":{"rendered":"http:\/\/localhost\/menden\/?page_id=17"},"modified":"2025-12-31T16:21:02","modified_gmt":"2025-12-31T14:21:02","slug":"ueber-uns","status":"publish","type":"page","link":"https:\/\/blumenmenden.de\/?page_id=17","title":{"rendered":"Leistungen"},"content":{"rendered":"<p><b>Zu unserem Leistungsangebot geh\u00f6rt:<\/b><\/p>\n<ul>\n<li>zeitgem\u00e4\u00dfe Floristik<\/li>\n<li>Braut- und Hochzeitsschmuck<\/li>\n<li>Tischschmuck<\/li>\n<li>Trauerschmuck<\/li>\n<li>Wochenservice<\/li>\n<li>Blumenlieferung nach Wunsch<\/li>\n<li>Dekoration f\u00fcr Veranstaltungen<\/li>\n<\/ul>\n<p>Die Auslieferung erfolgt in Bonn und dem gesamten Wachtberg.<\/p>\n<h1>Bilder aus den 60er Jahren<\/h1>\n<p><img decoding=\"async\" src=\"https:\/\/www.blumenmenden.de\/img\/pic\/allgemein\/frueher1.JPG\" alt=\"\" \/><\/p>\n<p><img decoding=\"async\" src=\"https:\/\/www.blumenmenden.de\/img\/pic\/allgemein\/frueher2.JPG\" alt=\"\" \/><\/p>\n","protected":false},"excerpt":{"rendered":"<p>Zu unserem Leistungsangebot geh\u00f6rt: zeitgem\u00e4\u00dfe Floristik Braut- und Hochzeitsschmuck Tischschmuck Trauerschmuck Wochenservice Blumenlieferung nach Wunsch Dekoration f\u00fcr Veranstaltungen Die Auslieferung erfolgt in Bonn und dem gesamten Wachtberg. Bilder aus den 60er Jahren<\/p>\n","protected":false},"author":1,"featured_media":0,"parent":0,"menu_order":0,"comment_status":"closed","ping_status":"open","template":"","meta":{"footnotes":""},"class_list":["post-17","page","type-page","status-publish","hentry","post"],"_links":{"self":[{"href":"https:\/\/blumenmenden.de\/index.php?rest_route=\/wp\/v2\/pages\/17","targetHints":{"allow":["GET"]}}],"collection":[{"href":"https:\/\/blumenmenden.de\/index.php?rest_route=\/wp\/v2\/pages"}],"about":[{"href":"https:\/\/blumenmenden.de\/index.php?rest_route=\/wp\/v2\/types\/page"}],"author":[{"embeddable":true,"href":"https:\/\/blumenmenden.de\/index.php?rest_route=\/wp\/v2\/users\/1"}],"replies":[{"embeddable":true,"href":"https:\/\/blumenmenden.de\/index.php?rest_route=%2Fwp%2Fv2%2Fcomments&post=17"}],"version-history":[{"count":6,"href":"https:\/\/blumenmenden.de\/index.php?rest_route=\/wp\/v2\/pages\/17\/revisions"}],"predecessor-version":[{"id":539,"href":"https:\/\/blumenmenden.de\/index.php?rest_route=\/wp\/v2\/pages\/17\/revisions\/539"}],"wp:attachment":[{"href":"https:\/\/blumenmenden.de\/index.php?rest_route=%2Fwp%2Fv2%2Fmedia&parent=17"}],"curies":[{"name":"wp","href":"https:\/\/api.w.org\/{rel}","templated":true}]}}