{"id":19,"date":"2013-10-15T18:44:03","date_gmt":"2013-10-15T16:44:03","guid":{"rendered":"http:\/\/localhost\/menden\/?page_id=19"},"modified":"2021-02-10T00:03:55","modified_gmt":"2021-02-09T22:03:55","slug":"bilder","status":"publish","type":"page","link":"https:\/\/blumenmenden.de\/?page_id=19","title":{"rendered":"Bilder"},"content":{"rendered":"\n<p>gehe zu <a href=\"#brautschmuck\">Brautschmuck<\/a><br>gehe zu <a href=\"#trauerschmuck\">Trauerschmuck<\/a><br>gehe zu <a href=\"#tischschmuck\">Tischschmuck<\/a><br>gehe zu <a href=\"#strauss\">Str\u00e4u\u00dfe<\/a><br>gehe zu <a href=\"#kirchendeko\">Kirchendeko<\/a><\/p>\n\n\n\n<h1 class=\"wp-block-heading\"><a id=\"brautschmuck\"><\/a>Brautschmuck<\/h1>\n\n\n\n<figure class=\"wp-block-gallery columns-4 is-cropped wp-block-gallery-1 is-layout-flex wp-block-gallery-is-layout-flex\"><ul class=\"blocks-gallery-grid\"><li class=\"blocks-gallery-item\"><figure><a href=\"https:\/\/blumenmenden.de\/wp-content\/uploads\/2013\/10\/braut_1.jpg\"><img loading=\"lazy\" decoding=\"async\" width=\"1024\" height=\"681\" src=\"https:\/\/blumenmenden.de\/wp-content\/uploads\/2013\/10\/braut_1.jpg\" alt=\"Brautstrau\u00df\" data-id=\"139\" class=\"wp-image-139\" srcset=\"https:\/\/blumenmenden.de\/wp-content\/uploads\/2013\/10\/braut_1.jpg 1024w, https:\/\/blumenmenden.de\/wp-content\/uploads\/2013\/10\/braut_1-300x199.jpg 300w, https:\/\/blumenmenden.de\/wp-content\/uploads\/2013\/10\/braut_1-272x182.jpg 272w\" sizes=\"auto, (max-width: 1024px) 100vw, 1024px\" \/><\/a><\/figure><\/li><li class=\"blocks-gallery-item\"><figure><a href=\"https:\/\/blumenmenden.de\/wp-content\/uploads\/2013\/10\/braut_12.jpg\"><img loading=\"lazy\" decoding=\"async\" width=\"1024\" height=\"681\" src=\"https:\/\/blumenmenden.de\/wp-content\/uploads\/2013\/10\/braut_12.jpg\" alt=\"Brautschmuck\" data-id=\"141\" class=\"wp-image-141\" srcset=\"https:\/\/blumenmenden.de\/wp-content\/uploads\/2013\/10\/braut_12.jpg 1024w, https:\/\/blumenmenden.de\/wp-content\/uploads\/2013\/10\/braut_12-300x199.jpg 300w, https:\/\/blumenmenden.de\/wp-content\/uploads\/2013\/10\/braut_12-272x182.jpg 272w\" sizes=\"auto, (max-width: 1024px) 100vw, 1024px\" \/><\/a><\/figure><\/li><li class=\"blocks-gallery-item\"><figure><a href=\"https:\/\/blumenmenden.de\/wp-content\/uploads\/2013\/10\/braut_11.jpg\"><img loading=\"lazy\" decoding=\"async\" width=\"1024\" height=\"1540\" src=\"https:\/\/blumenmenden.de\/wp-content\/uploads\/2013\/10\/braut_11.jpg\" alt=\"Brautschmuck\" data-id=\"142\" class=\"wp-image-142\" srcset=\"https:\/\/blumenmenden.de\/wp-content\/uploads\/2013\/10\/braut_11.jpg 1024w, https:\/\/blumenmenden.de\/wp-content\/uploads\/2013\/10\/braut_11-199x300.jpg 199w, https:\/\/blumenmenden.de\/wp-content\/uploads\/2013\/10\/braut_11-680x1024.jpg 680w\" sizes=\"auto, (max-width: 1024px) 100vw, 1024px\" \/><\/a><\/figure><\/li><li class=\"blocks-gallery-item\"><figure><a href=\"https:\/\/blumenmenden.de\/wp-content\/uploads\/2013\/10\/braut_9.jpg\"><img loading=\"lazy\" decoding=\"async\" width=\"1024\" height=\"681\" src=\"https:\/\/blumenmenden.de\/wp-content\/uploads\/2013\/10\/braut_9.jpg\" alt=\"Brautschmuck\" data-id=\"144\" class=\"wp-image-144\" srcset=\"https:\/\/blumenmenden.de\/wp-content\/uploads\/2013\/10\/braut_9.jpg 1024w, https:\/\/blumenmenden.de\/wp-content\/uploads\/2013\/10\/braut_9-300x199.jpg 300w, https:\/\/blumenmenden.de\/wp-content\/uploads\/2013\/10\/braut_9-272x182.jpg 272w\" sizes=\"auto, (max-width: 1024px) 100vw, 1024px\" \/><\/a><\/figure><\/li><li class=\"blocks-gallery-item\"><figure><a href=\"https:\/\/blumenmenden.de\/wp-content\/uploads\/2013\/10\/braut_8.jpg\"><img loading=\"lazy\" decoding=\"async\" width=\"1024\" height=\"681\" src=\"https:\/\/blumenmenden.de\/wp-content\/uploads\/2013\/10\/braut_8.jpg\" alt=\"Brautschmuck\" data-id=\"145\" class=\"wp-image-145\" srcset=\"https:\/\/blumenmenden.de\/wp-content\/uploads\/2013\/10\/braut_8.jpg 1024w, https:\/\/blumenmenden.de\/wp-content\/uploads\/2013\/10\/braut_8-300x199.jpg 300w, https:\/\/blumenmenden.de\/wp-content\/uploads\/2013\/10\/braut_8-272x182.jpg 272w\" sizes=\"auto, (max-width: 1024px) 100vw, 1024px\" \/><\/a><\/figure><\/li><li class=\"blocks-gallery-item\"><figure><a href=\"https:\/\/blumenmenden.de\/wp-content\/uploads\/2013\/10\/braut_7.jpg\"><img loading=\"lazy\" decoding=\"async\" width=\"1024\" height=\"681\" src=\"https:\/\/blumenmenden.de\/wp-content\/uploads\/2013\/10\/braut_7.jpg\" alt=\"Brautschmuck\" data-id=\"146\" class=\"wp-image-146\" srcset=\"https:\/\/blumenmenden.de\/wp-content\/uploads\/2013\/10\/braut_7.jpg 1024w, https:\/\/blumenmenden.de\/wp-content\/uploads\/2013\/10\/braut_7-300x199.jpg 300w, https:\/\/blumenmenden.de\/wp-content\/uploads\/2013\/10\/braut_7-272x182.jpg 272w\" sizes=\"auto, (max-width: 1024px) 100vw, 1024px\" \/><\/a><\/figure><\/li><li class=\"blocks-gallery-item\"><figure><a href=\"https:\/\/blumenmenden.de\/wp-content\/uploads\/2013\/10\/braut_6.jpg\"><img loading=\"lazy\" decoding=\"async\" width=\"1024\" height=\"681\" src=\"https:\/\/blumenmenden.de\/wp-content\/uploads\/2013\/10\/braut_6.jpg\" alt=\"Brautschmuck\" data-id=\"147\" class=\"wp-image-147\" srcset=\"https:\/\/blumenmenden.de\/wp-content\/uploads\/2013\/10\/braut_6.jpg 1024w, https:\/\/blumenmenden.de\/wp-content\/uploads\/2013\/10\/braut_6-300x199.jpg 300w, https:\/\/blumenmenden.de\/wp-content\/uploads\/2013\/10\/braut_6-272x182.jpg 272w\" sizes=\"auto, (max-width: 1024px) 100vw, 1024px\" \/><\/a><\/figure><\/li><li class=\"blocks-gallery-item\"><figure><a href=\"https:\/\/blumenmenden.de\/wp-content\/uploads\/2013\/10\/braut_5.jpg\"><img loading=\"lazy\" decoding=\"async\" width=\"1024\" height=\"681\" src=\"https:\/\/blumenmenden.de\/wp-content\/uploads\/2013\/10\/braut_5.jpg\" alt=\"Brautschmuck\" data-id=\"148\" class=\"wp-image-148\" srcset=\"https:\/\/blumenmenden.de\/wp-content\/uploads\/2013\/10\/braut_5.jpg 1024w, https:\/\/blumenmenden.de\/wp-content\/uploads\/2013\/10\/braut_5-300x199.jpg 300w, https:\/\/blumenmenden.de\/wp-content\/uploads\/2013\/10\/braut_5-272x182.jpg 272w\" sizes=\"auto, (max-width: 1024px) 100vw, 1024px\" \/><\/a><\/figure><\/li><li class=\"blocks-gallery-item\"><figure><a href=\"https:\/\/blumenmenden.de\/wp-content\/uploads\/2013\/10\/braut_4.jpg\"><img loading=\"lazy\" decoding=\"async\" width=\"1024\" height=\"681\" src=\"https:\/\/blumenmenden.de\/wp-content\/uploads\/2013\/10\/braut_4.jpg\" alt=\"Brautschmuck\" data-id=\"149\" class=\"wp-image-149\" srcset=\"https:\/\/blumenmenden.de\/wp-content\/uploads\/2013\/10\/braut_4.jpg 1024w, https:\/\/blumenmenden.de\/wp-content\/uploads\/2013\/10\/braut_4-300x199.jpg 300w, https:\/\/blumenmenden.de\/wp-content\/uploads\/2013\/10\/braut_4-272x182.jpg 272w\" sizes=\"auto, (max-width: 1024px) 100vw, 1024px\" \/><\/a><\/figure><\/li><li class=\"blocks-gallery-item\"><figure><a href=\"https:\/\/blumenmenden.de\/wp-content\/uploads\/2013\/10\/braut_3.jpg\"><img loading=\"lazy\" decoding=\"async\" width=\"1024\" height=\"681\" src=\"https:\/\/blumenmenden.de\/wp-content\/uploads\/2013\/10\/braut_3.jpg\" alt=\"Brautschmuck\" data-id=\"150\" class=\"wp-image-150\" srcset=\"https:\/\/blumenmenden.de\/wp-content\/uploads\/2013\/10\/braut_3.jpg 1024w, https:\/\/blumenmenden.de\/wp-content\/uploads\/2013\/10\/braut_3-300x199.jpg 300w, https:\/\/blumenmenden.de\/wp-content\/uploads\/2013\/10\/braut_3-272x182.jpg 272w\" sizes=\"auto, (max-width: 1024px) 100vw, 1024px\" \/><\/a><\/figure><\/li><li class=\"blocks-gallery-item\"><figure><a href=\"https:\/\/blumenmenden.de\/wp-content\/uploads\/2013\/10\/braut_2.jpg\"><img loading=\"lazy\" decoding=\"async\" width=\"1024\" height=\"681\" src=\"https:\/\/blumenmenden.de\/wp-content\/uploads\/2013\/10\/braut_2.jpg\" alt=\"Brautschmuck\" data-id=\"151\" class=\"wp-image-151\" srcset=\"https:\/\/blumenmenden.de\/wp-content\/uploads\/2013\/10\/braut_2.jpg 1024w, https:\/\/blumenmenden.de\/wp-content\/uploads\/2013\/10\/braut_2-300x199.jpg 300w, https:\/\/blumenmenden.de\/wp-content\/uploads\/2013\/10\/braut_2-272x182.jpg 272w\" sizes=\"auto, (max-width: 1024px) 100vw, 1024px\" \/><\/a><\/figure><\/li><\/ul><\/figure>\n\n\n\n<h1 class=\"wp-block-heading\"><a id=\"trauerschmuck\"><\/a>Trauerschmuck<\/h1>\n\n\n\n<figure class=\"wp-block-gallery columns-4 is-cropped wp-block-gallery-2 is-layout-flex wp-block-gallery-is-layout-flex\"><ul class=\"blocks-gallery-grid\"><li class=\"blocks-gallery-item\"><figure><a href=\"https:\/\/blumenmenden.de\/wp-content\/uploads\/2013\/10\/trauer_3.jpg\"><img loading=\"lazy\" decoding=\"async\" width=\"1024\" height=\"681\" src=\"https:\/\/blumenmenden.de\/wp-content\/uploads\/2013\/10\/trauer_3.jpg\" alt=\"\" data-id=\"153\" class=\"wp-image-153\" srcset=\"https:\/\/blumenmenden.de\/wp-content\/uploads\/2013\/10\/trauer_3.jpg 1024w, https:\/\/blumenmenden.de\/wp-content\/uploads\/2013\/10\/trauer_3-300x199.jpg 300w, https:\/\/blumenmenden.de\/wp-content\/uploads\/2013\/10\/trauer_3-272x182.jpg 272w\" sizes=\"auto, (max-width: 1024px) 100vw, 1024px\" \/><\/a><\/figure><\/li><li class=\"blocks-gallery-item\"><figure><a href=\"https:\/\/blumenmenden.de\/wp-content\/uploads\/2013\/10\/trauer_2.jpg\"><img loading=\"lazy\" decoding=\"async\" width=\"1024\" height=\"681\" src=\"https:\/\/blumenmenden.de\/wp-content\/uploads\/2013\/10\/trauer_2.jpg\" alt=\"\" data-id=\"154\" class=\"wp-image-154\" srcset=\"https:\/\/blumenmenden.de\/wp-content\/uploads\/2013\/10\/trauer_2.jpg 1024w, https:\/\/blumenmenden.de\/wp-content\/uploads\/2013\/10\/trauer_2-300x199.jpg 300w, https:\/\/blumenmenden.de\/wp-content\/uploads\/2013\/10\/trauer_2-272x182.jpg 272w\" sizes=\"auto, (max-width: 1024px) 100vw, 1024px\" \/><\/a><\/figure><\/li><li class=\"blocks-gallery-item\"><figure><a href=\"https:\/\/blumenmenden.de\/wp-content\/uploads\/2013\/10\/trauer_1.jpg\"><img loading=\"lazy\" decoding=\"async\" width=\"1024\" height=\"681\" src=\"https:\/\/blumenmenden.de\/wp-content\/uploads\/2013\/10\/trauer_1.jpg\" alt=\"\" data-id=\"155\" class=\"wp-image-155\" srcset=\"https:\/\/blumenmenden.de\/wp-content\/uploads\/2013\/10\/trauer_1.jpg 1024w, https:\/\/blumenmenden.de\/wp-content\/uploads\/2013\/10\/trauer_1-300x199.jpg 300w, https:\/\/blumenmenden.de\/wp-content\/uploads\/2013\/10\/trauer_1-272x182.jpg 272w\" sizes=\"auto, (max-width: 1024px) 100vw, 1024px\" \/><\/a><\/figure><\/li><\/ul><\/figure>\n\n\n\n<h1 class=\"wp-block-heading\"><a id=\"tischschmuck\"><\/a>Tischschmuck<\/h1>\n\n\n\n<figure class=\"wp-block-gallery columns-3 is-cropped wp-block-gallery-3 is-layout-flex wp-block-gallery-is-layout-flex\"><ul class=\"blocks-gallery-grid\"><li class=\"blocks-gallery-item\"><figure><img loading=\"lazy\" decoding=\"async\" width=\"1024\" height=\"681\" src=\"https:\/\/blumenmenden.de\/wp-content\/uploads\/2013\/10\/tisch_8.jpg\" alt=\"\" data-id=\"157\" class=\"wp-image-157\" srcset=\"https:\/\/blumenmenden.de\/wp-content\/uploads\/2013\/10\/tisch_8.jpg 1024w, https:\/\/blumenmenden.de\/wp-content\/uploads\/2013\/10\/tisch_8-300x199.jpg 300w, https:\/\/blumenmenden.de\/wp-content\/uploads\/2013\/10\/tisch_8-272x182.jpg 272w\" sizes=\"auto, (max-width: 1024px) 100vw, 1024px\" \/><\/figure><\/li><li class=\"blocks-gallery-item\"><figure><img loading=\"lazy\" decoding=\"async\" width=\"1024\" height=\"1540\" src=\"https:\/\/blumenmenden.de\/wp-content\/uploads\/2013\/10\/tisch_7.jpg\" alt=\"\" data-id=\"158\" class=\"wp-image-158\" srcset=\"https:\/\/blumenmenden.de\/wp-content\/uploads\/2013\/10\/tisch_7.jpg 1024w, https:\/\/blumenmenden.de\/wp-content\/uploads\/2013\/10\/tisch_7-199x300.jpg 199w, https:\/\/blumenmenden.de\/wp-content\/uploads\/2013\/10\/tisch_7-680x1024.jpg 680w\" sizes=\"auto, (max-width: 1024px) 100vw, 1024px\" \/><\/figure><\/li><li class=\"blocks-gallery-item\"><figure><img loading=\"lazy\" decoding=\"async\" width=\"1024\" height=\"1540\" src=\"https:\/\/blumenmenden.de\/wp-content\/uploads\/2013\/10\/tisch_6.jpg\" alt=\"\" data-id=\"159\" class=\"wp-image-159\" srcset=\"https:\/\/blumenmenden.de\/wp-content\/uploads\/2013\/10\/tisch_6.jpg 1024w, https:\/\/blumenmenden.de\/wp-content\/uploads\/2013\/10\/tisch_6-199x300.jpg 199w, https:\/\/blumenmenden.de\/wp-content\/uploads\/2013\/10\/tisch_6-680x1024.jpg 680w\" sizes=\"auto, (max-width: 1024px) 100vw, 1024px\" \/><\/figure><\/li><li class=\"blocks-gallery-item\"><figure><img loading=\"lazy\" decoding=\"async\" width=\"1024\" height=\"681\" src=\"https:\/\/blumenmenden.de\/wp-content\/uploads\/2013\/10\/tisch_5.jpg\" alt=\"\" data-id=\"160\" class=\"wp-image-160\" srcset=\"https:\/\/blumenmenden.de\/wp-content\/uploads\/2013\/10\/tisch_5.jpg 1024w, https:\/\/blumenmenden.de\/wp-content\/uploads\/2013\/10\/tisch_5-300x199.jpg 300w, https:\/\/blumenmenden.de\/wp-content\/uploads\/2013\/10\/tisch_5-272x182.jpg 272w\" sizes=\"auto, (max-width: 1024px) 100vw, 1024px\" \/><\/figure><\/li><li class=\"blocks-gallery-item\"><figure><img loading=\"lazy\" decoding=\"async\" width=\"1024\" height=\"681\" src=\"https:\/\/blumenmenden.de\/wp-content\/uploads\/2013\/10\/tisch_4.jpg\" alt=\"\" data-id=\"161\" class=\"wp-image-161\" srcset=\"https:\/\/blumenmenden.de\/wp-content\/uploads\/2013\/10\/tisch_4.jpg 1024w, https:\/\/blumenmenden.de\/wp-content\/uploads\/2013\/10\/tisch_4-300x199.jpg 300w, https:\/\/blumenmenden.de\/wp-content\/uploads\/2013\/10\/tisch_4-272x182.jpg 272w\" sizes=\"auto, (max-width: 1024px) 100vw, 1024px\" \/><\/figure><\/li><li class=\"blocks-gallery-item\"><figure><img loading=\"lazy\" decoding=\"async\" width=\"1024\" height=\"681\" src=\"https:\/\/blumenmenden.de\/wp-content\/uploads\/2013\/10\/tisch_3.jpg\" alt=\"\" data-id=\"162\" class=\"wp-image-162\" srcset=\"https:\/\/blumenmenden.de\/wp-content\/uploads\/2013\/10\/tisch_3.jpg 1024w, https:\/\/blumenmenden.de\/wp-content\/uploads\/2013\/10\/tisch_3-300x199.jpg 300w, https:\/\/blumenmenden.de\/wp-content\/uploads\/2013\/10\/tisch_3-272x182.jpg 272w\" sizes=\"auto, (max-width: 1024px) 100vw, 1024px\" \/><\/figure><\/li><li class=\"blocks-gallery-item\"><figure><img loading=\"lazy\" decoding=\"async\" width=\"1024\" height=\"681\" src=\"https:\/\/blumenmenden.de\/wp-content\/uploads\/2013\/10\/tisch_2.jpg\" alt=\"\" data-id=\"163\" class=\"wp-image-163\" srcset=\"https:\/\/blumenmenden.de\/wp-content\/uploads\/2013\/10\/tisch_2.jpg 1024w, https:\/\/blumenmenden.de\/wp-content\/uploads\/2013\/10\/tisch_2-300x199.jpg 300w, https:\/\/blumenmenden.de\/wp-content\/uploads\/2013\/10\/tisch_2-272x182.jpg 272w\" sizes=\"auto, (max-width: 1024px) 100vw, 1024px\" \/><\/figure><\/li><li class=\"blocks-gallery-item\"><figure><img loading=\"lazy\" decoding=\"async\" width=\"1024\" height=\"681\" src=\"https:\/\/blumenmenden.de\/wp-content\/uploads\/2013\/10\/tisch_1.jpg\" alt=\"\" data-id=\"164\" class=\"wp-image-164\" srcset=\"https:\/\/blumenmenden.de\/wp-content\/uploads\/2013\/10\/tisch_1.jpg 1024w, https:\/\/blumenmenden.de\/wp-content\/uploads\/2013\/10\/tisch_1-300x199.jpg 300w, https:\/\/blumenmenden.de\/wp-content\/uploads\/2013\/10\/tisch_1-272x182.jpg 272w\" sizes=\"auto, (max-width: 1024px) 100vw, 1024px\" \/><\/figure><\/li><\/ul><\/figure>\n\n\n\n<h1 class=\"wp-block-heading\"><a id=\"strauss\"><\/a>Str\u00e4u\u00dfe<\/h1>\n\n\n\n<figure class=\"wp-block-gallery columns-3 is-cropped wp-block-gallery-4 is-layout-flex wp-block-gallery-is-layout-flex\"><ul class=\"blocks-gallery-grid\"><li class=\"blocks-gallery-item\"><figure><img loading=\"lazy\" decoding=\"async\" width=\"1024\" height=\"681\" src=\"https:\/\/blumenmenden.de\/wp-content\/uploads\/2013\/10\/strauss_3.jpg\" alt=\"\" data-id=\"167\" class=\"wp-image-167\" srcset=\"https:\/\/blumenmenden.de\/wp-content\/uploads\/2013\/10\/strauss_3.jpg 1024w, https:\/\/blumenmenden.de\/wp-content\/uploads\/2013\/10\/strauss_3-300x199.jpg 300w, https:\/\/blumenmenden.de\/wp-content\/uploads\/2013\/10\/strauss_3-272x182.jpg 272w\" sizes=\"auto, (max-width: 1024px) 100vw, 1024px\" \/><\/figure><\/li><li class=\"blocks-gallery-item\"><figure><img loading=\"lazy\" decoding=\"async\" width=\"1024\" height=\"1540\" src=\"https:\/\/blumenmenden.de\/wp-content\/uploads\/2013\/10\/strauss_2.jpg\" alt=\"\" data-id=\"168\" class=\"wp-image-168\" srcset=\"https:\/\/blumenmenden.de\/wp-content\/uploads\/2013\/10\/strauss_2.jpg 1024w, https:\/\/blumenmenden.de\/wp-content\/uploads\/2013\/10\/strauss_2-199x300.jpg 199w, https:\/\/blumenmenden.de\/wp-content\/uploads\/2013\/10\/strauss_2-680x1024.jpg 680w\" sizes=\"auto, (max-width: 1024px) 100vw, 1024px\" \/><\/figure><\/li><li class=\"blocks-gallery-item\"><figure><img loading=\"lazy\" decoding=\"async\" width=\"1024\" height=\"681\" src=\"https:\/\/blumenmenden.de\/wp-content\/uploads\/2013\/10\/strauss_1.jpg\" alt=\"\" data-id=\"169\" class=\"wp-image-169\" srcset=\"https:\/\/blumenmenden.de\/wp-content\/uploads\/2013\/10\/strauss_1.jpg 1024w, https:\/\/blumenmenden.de\/wp-content\/uploads\/2013\/10\/strauss_1-300x199.jpg 300w, https:\/\/blumenmenden.de\/wp-content\/uploads\/2013\/10\/strauss_1-272x182.jpg 272w\" sizes=\"auto, (max-width: 1024px) 100vw, 1024px\" \/><\/figure><\/li><\/ul><\/figure>\n\n\n\n<h1 class=\"wp-block-heading\"><a id=\"kirchendeko\"><\/a>Kirchendeko<\/h1>\n\n\n\n<figure class=\"wp-block-gallery columns-3 is-cropped wp-block-gallery-5 is-layout-flex wp-block-gallery-is-layout-flex\"><ul class=\"blocks-gallery-grid\"><li class=\"blocks-gallery-item\"><figure><img loading=\"lazy\" decoding=\"async\" width=\"1024\" height=\"681\" src=\"https:\/\/blumenmenden.de\/wp-content\/uploads\/2013\/10\/kirche_41.jpg\" alt=\"\" data-id=\"175\" class=\"wp-image-175\" srcset=\"https:\/\/blumenmenden.de\/wp-content\/uploads\/2013\/10\/kirche_41.jpg 1024w, https:\/\/blumenmenden.de\/wp-content\/uploads\/2013\/10\/kirche_41-300x199.jpg 300w, https:\/\/blumenmenden.de\/wp-content\/uploads\/2013\/10\/kirche_41-272x182.jpg 272w\" sizes=\"auto, (max-width: 1024px) 100vw, 1024px\" \/><\/figure><\/li><li class=\"blocks-gallery-item\"><figure><img loading=\"lazy\" decoding=\"async\" width=\"1024\" height=\"681\" src=\"https:\/\/blumenmenden.de\/wp-content\/uploads\/2013\/10\/kirche_31.jpg\" alt=\"\" data-id=\"176\" class=\"wp-image-176\" srcset=\"https:\/\/blumenmenden.de\/wp-content\/uploads\/2013\/10\/kirche_31.jpg 1024w, https:\/\/blumenmenden.de\/wp-content\/uploads\/2013\/10\/kirche_31-300x199.jpg 300w, https:\/\/blumenmenden.de\/wp-content\/uploads\/2013\/10\/kirche_31-272x182.jpg 272w\" sizes=\"auto, (max-width: 1024px) 100vw, 1024px\" \/><\/figure><\/li><li class=\"blocks-gallery-item\"><figure><img loading=\"lazy\" decoding=\"async\" width=\"1024\" height=\"681\" src=\"https:\/\/blumenmenden.de\/wp-content\/uploads\/2013\/10\/kirche_21.jpg\" alt=\"\" data-id=\"177\" class=\"wp-image-177\" srcset=\"https:\/\/blumenmenden.de\/wp-content\/uploads\/2013\/10\/kirche_21.jpg 1024w, https:\/\/blumenmenden.de\/wp-content\/uploads\/2013\/10\/kirche_21-300x199.jpg 300w, https:\/\/blumenmenden.de\/wp-content\/uploads\/2013\/10\/kirche_21-272x182.jpg 272w\" sizes=\"auto, (max-width: 1024px) 100vw, 1024px\" \/><\/figure><\/li><li class=\"blocks-gallery-item\"><figure><img loading=\"lazy\" decoding=\"async\" width=\"1024\" height=\"681\" src=\"https:\/\/blumenmenden.de\/wp-content\/uploads\/2013\/10\/kirche_11.jpg\" alt=\"\" data-id=\"178\" class=\"wp-image-178\" srcset=\"https:\/\/blumenmenden.de\/wp-content\/uploads\/2013\/10\/kirche_11.jpg 1024w, https:\/\/blumenmenden.de\/wp-content\/uploads\/2013\/10\/kirche_11-300x199.jpg 300w, https:\/\/blumenmenden.de\/wp-content\/uploads\/2013\/10\/kirche_11-272x182.jpg 272w\" sizes=\"auto, (max-width: 1024px) 100vw, 1024px\" \/><\/figure><\/li><\/ul><\/figure>\n","protected":false},"excerpt":{"rendered":"<p>gehe zu Brautschmuckgehe zu Trauerschmuckgehe zu Tischschmuckgehe zu Str\u00e4u\u00dfegehe zu Kirchendeko Brautschmuck Trauerschmuck Tischschmuck Str\u00e4u\u00dfe Kirchendeko<\/p>\n","protected":false},"author":1,"featured_media":0,"parent":0,"menu_order":0,"comment_status":"closed","ping_status":"closed","template":"","meta":{"footnotes":""},"class_list":["post-19","page","type-page","status-publish","hentry","post"],"_links":{"self":[{"href":"https:\/\/blumenmenden.de\/index.php?rest_route=\/wp\/v2\/pages\/19","targetHints":{"allow":["GET"]}}],"collection":[{"href":"https:\/\/blumenmenden.de\/index.php?rest_route=\/wp\/v2\/pages"}],"about":[{"href":"https:\/\/blumenmenden.de\/index.php?rest_route=\/wp\/v2\/types\/page"}],"author":[{"embeddable":true,"href":"https:\/\/blumenmenden.de\/index.php?rest_route=\/wp\/v2\/users\/1"}],"replies":[{"embeddable":true,"href":"https:\/\/blumenmenden.de\/index.php?rest_route=%2Fwp%2Fv2%2Fcomments&post=19"}],"version-history":[{"count":35,"href":"https:\/\/blumenmenden.de\/index.php?rest_route=\/wp\/v2\/pages\/19\/revisions"}],"predecessor-version":[{"id":364,"href":"https:\/\/blumenmenden.de\/index.php?rest_route=\/wp\/v2\/pages\/19\/revisions\/364"}],"wp:attachment":[{"href":"https:\/\/blumenmenden.de\/index.php?rest_route=%2Fwp%2Fv2%2Fmedia&parent=19"}],"curies":[{"name":"wp","href":"https:\/\/api.w.org\/{rel}","templated":true}]}}