{"id":23,"date":"2013-10-15T18:45:03","date_gmt":"2013-10-15T16:45:03","guid":{"rendered":"http:\/\/localhost\/menden\/?page_id=23"},"modified":"2018-04-27T22:41:32","modified_gmt":"2018-04-27T20:41:32","slug":"anfahrt","status":"publish","type":"page","link":"https:\/\/blumenmenden.de\/?page_id=23","title":{"rendered":"Anfahrt"},"content":{"rendered":"<p>Sie erreichen uns mit dem Auto kommend am besten \u00fcber die Bundesstra\u00dfe 9.<br \/>\nAus S\u00fcden kommend biegen Sie auf H\u00f6he Mehlem links \u00fcber den Bahn\u00fcbergang ab in Richtung Bonn Lannesdorf. Das Blumengesch\u00e4ft befindet sich an der n\u00e4chsten Ampel auf der linken Seite.<\/p>\n<p>Aus Norden kommend biegen Sie auf gleicher H\u00f6he Mehlem rechts \u00fcber den Bahn\u00fcbergang ab Richtung Bonn Lannesdorf. Sie befinden sich jetzt auf der Drachenburgstra\u00dfe und fahren ab hier wie aus S\u00fcden kommend beschrieben.<\/p>\n","protected":false},"excerpt":{"rendered":"<p>Sie erreichen uns mit dem Auto kommend am besten \u00fcber die Bundesstra\u00dfe 9. Aus S\u00fcden kommend biegen Sie auf H\u00f6he Mehlem links \u00fcber den Bahn\u00fcbergang ab in Richtung Bonn Lannesdorf. Das Blumengesch\u00e4ft befindet sich an der n\u00e4chsten Ampel auf der linken Seite. Aus Norden kommend biegen Sie auf gleicher H\u00f6he Mehlem rechts \u00fcber den Bahn\u00fcbergang [&hellip;]<\/p>\n","protected":false},"author":1,"featured_media":0,"parent":0,"menu_order":0,"comment_status":"closed","ping_status":"open","template":"","meta":{"footnotes":""},"class_list":["post-23","page","type-page","status-publish","hentry","post"],"_links":{"self":[{"href":"https:\/\/blumenmenden.de\/index.php?rest_route=\/wp\/v2\/pages\/23","targetHints":{"allow":["GET"]}}],"collection":[{"href":"https:\/\/blumenmenden.de\/index.php?rest_route=\/wp\/v2\/pages"}],"about":[{"href":"https:\/\/blumenmenden.de\/index.php?rest_route=\/wp\/v2\/types\/page"}],"author":[{"embeddable":true,"href":"https:\/\/blumenmenden.de\/index.php?rest_route=\/wp\/v2\/users\/1"}],"replies":[{"embeddable":true,"href":"https:\/\/blumenmenden.de\/index.php?rest_route=%2Fwp%2Fv2%2Fcomments&post=23"}],"version-history":[{"count":5,"href":"https:\/\/blumenmenden.de\/index.php?rest_route=\/wp\/v2\/pages\/23\/revisions"}],"predecessor-version":[{"id":243,"href":"https:\/\/blumenmenden.de\/index.php?rest_route=\/wp\/v2\/pages\/23\/revisions\/243"}],"wp:attachment":[{"href":"https:\/\/blumenmenden.de\/index.php?rest_route=%2Fwp%2Fv2%2Fmedia&parent=23"}],"curies":[{"name":"wp","href":"https:\/\/api.w.org\/{rel}","templated":true}]}}