{"id":245,"date":"2018-05-08T21:26:25","date_gmt":"2018-05-08T19:26:25","guid":{"rendered":"http:\/\/blumenmenden.de\/?page_id=245"},"modified":"2021-04-22T22:13:11","modified_gmt":"2021-04-22T20:13:11","slug":"datenschutzerklaerung","status":"publish","type":"page","link":"https:\/\/blumenmenden.de\/?page_id=245","title":{"rendered":"Datenschutzerkl\u00e4rung"},"content":{"rendered":"<p>Die Nutzung unserer Seite (<a href=\"https:\/\/www.blumenmenden.de\">www.blumenmenden.de<\/a>) ist ohne eine Angabe von personenbezogenen Daten m\u00f6glich. Wenn Sie auf unsere Webseite zugreifen, werden automatisch Informationen allgemeiner Natur erfasst. Diese Informationen (Server-Logfiles) beinhalten etwa die Art des Webbrowsers, das verwendete Betriebssystem, den Domainnamen Ihres Internet Service Providers und \u00c4hnliches. Hierbei handelt es sich ausschlie\u00dflich um Informationen, welche keine R\u00fcckschl\u00fcsse auf Ihre Person zulassen. Diese Informationen sind technisch notwendig, um von Ihnen angeforderte Inhalte von Webseiten korrekt auszuliefern und fallen bei Nutzung des Internets zwingend an. Anonyme Informationen dieser Art werden von uns statistisch ausgewertet, um unseren Internetauftritt und die dahinterstehende Technik zu optimieren.<\/p>\n<p>Ihre personenbezogenen Daten (z.B. Name, Anschrift, E-Mail, Telefonnummer, u.\u00e4.) werden von uns nur gem\u00e4\u00df den Bestimmungen des deutschen Datenschutzrechts verarbeitet. Daten sind dann personenbezogen, wenn sie eindeutig einer bestimmten nat\u00fcrlichen Person zugeordnet werden k\u00f6nnen. Die rechtlichen Grundlagen des Datenschutzes finden Sie im Bundesdatenschutzgesetz (BDSG) und dem Telemediengesetz (TMG). Nachstehende Regelungen informieren Sie insoweit \u00fcber die Art, den Umfang und Zweck der Erhebung, die Nutzung und die Verarbeitung von personenbezogenen Daten durch den Anbieter.<\/p>\n<p>Blumen Menden<br \/>\nDrachenburgstra\u00dfe 49<br \/>\n53179 Bonn<br \/>\n0228 \/ 342940<br \/>\n<a href=\"mailto:info@blumenmenden.de\">info@blumenmenden.de<\/a><\/p>\n<p>Wir weisen darauf hin, dass die internetbasierte Daten\u00fcbertragung Sicherheitsl\u00fccken aufweist, ein l\u00fcckenloser Schutz vor Zugriffen durch Dritte somit unm\u00f6glich ist.<\/p>\n<h2>Externe Links<\/h2>\n<p>Zu Ihrer optimalen Information finden Sie auf unserer Seite Links, die auf Seiten Dritter verweisen. Soweit diese nicht offensichtlich erkennbar sind, weisen wir Sie darauf hin, dass es sich um einen externen Link handelt. Blumen Menden hat keinerlei Einfluss auf den Inhalt und die Gestaltung dieser Seiten anderer Anbieter. Die Garantieen dieser Datenschutzerkl\u00e4rung gelten daher selbstverst\u00e4ndlich dort nicht.<\/p>\n<h2>Auskunft\/Widerruf\/L\u00f6schung<\/h2>\n<p>Sie k\u00f6nnen sich aufgrund des Bundesdatenschutzgesetzes bei Fragen zur Erhebung, Verarbeitung oder Nutzung Ihrer personenbezogenen Daten und deren Berichtigung, Sperrung, L\u00f6schung oder einem Widerruf einer erteilten Einwilligung unentgeltlich an uns wenden. Wir weisen darauf hin, dass Ihnen ein Recht auf Berichtigung falscher Daten oder L\u00f6schung personenbezogener Daten zusteht, sollte diesem Anspruch keine gesetzliche Aufbewahrungspflicht entgegenstehen.<\/p>\n<h2>L\u00f6schung bzw. Sperrung der Daten<\/h2>\n<p>Wir halten uns an die Grunds\u00e4tze der Datenvermeidung und Datensparsamkeit. Wir speichern Ihre personenbezogenen Daten daher nur so lange, wie dies zur Erreichung der hier genannten Zwecke erforderlich ist oder wie es die vom Gesetzgeber vorgesehenen vielf\u00e4ltigen Speicherfristen vorsehen. Nach Fortfall des jeweiligen Zweckes bzw. Ablauf dieser Fristen werden die entsprechenden Daten routinem\u00e4\u00dfig und entsprechend den gesetzlichen Vorschriften gesperrt oder gel\u00f6scht.<\/p>\n<h2>\u00c4nderung unserer Datenschutzbestimmungen<\/h2>\n<p>Wir behalten uns vor, diese Datenschutzerkl\u00e4rung gelegentlich anzupassen, damit sie stets den aktuellen rechtlichen Anforderungen entspricht oder um \u00c4nderungen unserer Leistungen in der Datenschutzerkl\u00e4rung umzusetzen, z. B. bei der Einf\u00fchrung neuer Services. F\u00fcr Ihren erneuten Besuch gilt dann die neue<br \/>\nDatenschutzerkl\u00e4rung.<\/p>\n<h2>Fragen an uns<\/h2>\n<p>Wenn Sie Fragen zum Datenschutz haben, schreiben Sie uns bitte eine E-Mail (<a href=\"mailto:info@blumenmenden.de\">info@blumenmenden.de<\/a>)<\/p>\n","protected":false},"excerpt":{"rendered":"<p>Die Nutzung unserer Seite (www.blumenmenden.de) ist ohne eine Angabe von personenbezogenen Daten m\u00f6glich. Wenn Sie auf unsere Webseite zugreifen, werden automatisch Informationen allgemeiner Natur erfasst. Diese Informationen (Server-Logfiles) beinhalten etwa die Art des Webbrowsers, das verwendete Betriebssystem, den Domainnamen Ihres Internet Service Providers und \u00c4hnliches. Hierbei handelt es sich ausschlie\u00dflich um Informationen, welche keine R\u00fcckschl\u00fcsse [&hellip;]<\/p>\n","protected":false},"author":1,"featured_media":0,"parent":0,"menu_order":0,"comment_status":"closed","ping_status":"closed","template":"","meta":{"footnotes":""},"class_list":["post-245","page","type-page","status-publish","hentry","post"],"_links":{"self":[{"href":"https:\/\/blumenmenden.de\/index.php?rest_route=\/wp\/v2\/pages\/245","targetHints":{"allow":["GET"]}}],"collection":[{"href":"https:\/\/blumenmenden.de\/index.php?rest_route=\/wp\/v2\/pages"}],"about":[{"href":"https:\/\/blumenmenden.de\/index.php?rest_route=\/wp\/v2\/types\/page"}],"author":[{"embeddable":true,"href":"https:\/\/blumenmenden.de\/index.php?rest_route=\/wp\/v2\/users\/1"}],"replies":[{"embeddable":true,"href":"https:\/\/blumenmenden.de\/index.php?rest_route=%2Fwp%2Fv2%2Fcomments&post=245"}],"version-history":[{"count":15,"href":"https:\/\/blumenmenden.de\/index.php?rest_route=\/wp\/v2\/pages\/245\/revisions"}],"predecessor-version":[{"id":398,"href":"https:\/\/blumenmenden.de\/index.php?rest_route=\/wp\/v2\/pages\/245\/revisions\/398"}],"wp:attachment":[{"href":"https:\/\/blumenmenden.de\/index.php?rest_route=%2Fwp%2Fv2%2Fmedia&parent=245"}],"curies":[{"name":"wp","href":"https:\/\/api.w.org\/{rel}","templated":true}]}}